{"id":1008,"date":"2024-06-02T17:35:05","date_gmt":"2024-06-03T00:35:05","guid":{"rendered":"https:\/\/ariflawoffices.com\/?page_id=1008"},"modified":"2025-04-16T14:49:31","modified_gmt":"2025-04-16T21:49:31","slug":"newsroom","status":"publish","type":"page","link":"https:\/\/ariflawoffices.com\/fr\/newsroom\/","title":{"rendered":"Newsroom"},"content":{"rendered":"<div class=\"wp-block-group alignfull is-layout-constrained wp-container-core-group-is-layout-490fa1db wp-block-group-is-layout-constrained\" style=\"padding-top:var(--wp--preset--spacing--50);padding-right:var(--wp--preset--spacing--50);padding-bottom:var(--wp--preset--spacing--50);padding-left:var(--wp--preset--spacing--50)\">\n<div class=\"wp-block-group is-layout-constrained wp-container-core-group-is-layout-650790e1 wp-block-group-is-layout-constrained\">\n<h1 class=\"wp-block-heading alignfull has-text-align-center has-x-large-font-size\">Find the latest News for Immigration in the United States and France<\/h1>\n\n\n\n<div style=\"height:1.25rem\" aria-hidden=\"true\" class=\"wp-block-spacer\"><\/div>\n\n\n\n<p class=\"has-text-align-center\">Notre cabinet d\u2019avocats s\u2019engage \u00e0 vous informer en temps r\u00e9el des d\u00e9bats actuels sur l\u2019immigration aux \u00c9tats-Unis et en France.<\/p>\n<\/div>\n<\/div>\n\n\n\n<div class=\"wp-block-query alignwide is-layout-flow wp-block-query-is-layout-flow\"><ul class=\"wp-block-post-template is-layout-flow wp-block-post-template-is-layout-flow\"><li class=\"wp-block-post post-5622 post type-post status-publish format-standard hentry category-green-cards\">\n\n<div class=\"wp-block-columns alignwide is-layout-flex wp-container-core-columns-is-layout-28f84493 wp-block-columns-is-layout-flex\">\n<div class=\"wp-block-column is-layout-flow wp-block-column-is-layout-flow\" style=\"flex-basis:66.66%\"><\/div>\n\n\n\n<div class=\"wp-block-column is-layout-flow wp-block-column-is-layout-flow\" style=\"flex-basis:33.33%\"><h2 class=\"wp-block-post-title\"><a href=\"https:\/\/ariflawoffices.com\/fr\/quest-ce-que-la-carte-verte-niw-national-interest-waiver\/\" target=\"_self\" >Qu\u2019est-ce que la carte verte NIW (National Interest Waiver) ?<\/a><\/h2>\n\n<div class=\"wp-block-post-excerpt\"><p class=\"wp-block-post-excerpt__excerpt\">La carte verte NIW (National Interest Waiver) est une voie d\u2019immigration particuli\u00e8rement int\u00e9ressante pour les profils qualifi\u00e9s. Elle permet d\u2019obtenir une carte verte sans offre d\u2019emploi ni sponsor. Le principe repose sur une id\u00e9e simple : si votre projet pr\u00e9sente un int\u00e9r\u00eat pour les \u00c9tats-Unis, vous pouvez \u00eatre dispens\u00e9 de l\u2019obligation d\u2019avoir un employeur. Le\u2026 <\/p><\/div><\/div>\n<\/div>\n\n<\/li><li class=\"wp-block-post post-5618 post type-post status-publish format-standard hentry category-green-cards\">\n\n<div class=\"wp-block-columns alignwide is-layout-flex wp-container-core-columns-is-layout-28f84493 wp-block-columns-is-layout-flex\">\n<div class=\"wp-block-column is-layout-flow wp-block-column-is-layout-flow\" style=\"flex-basis:66.66%\"><\/div>\n\n\n\n<div class=\"wp-block-column is-layout-flow wp-block-column-is-layout-flow\" style=\"flex-basis:33.33%\"><h2 class=\"wp-block-post-title\"><a href=\"https:\/\/ariflawoffices.com\/fr\/le-visa-talent-aux-etats-unis-o-1-eb-1\/\" target=\"_self\" >Le \u201cvisa talent\u201d aux \u00c9tats-Unis (O-1 \/ EB-1)<\/a><\/h2>\n\n<div class=\"wp-block-post-excerpt\"><p class=\"wp-block-post-excerpt__excerpt\">Le \u201cvisa talent\u201d est une expression courante pour d\u00e9signer plusieurs visas destin\u00e9s aux profils \u00e0 forte valeur ajout\u00e9e, notamment les visas O-1 et EB-1. Le visa O-1 est un visa temporaire destin\u00e9 aux personnes ayant des comp\u00e9tences extraordinaires dans leur domaine : artistes, entrepreneurs, scientifiques, sportifs. Il repose sur la d\u00e9monstration d\u2019une reconnaissance nationale ou\u2026 <\/p><\/div><\/div>\n<\/div>\n\n<\/li><li class=\"wp-block-post post-5614 post type-post status-publish format-standard hentry category-green-cards\">\n\n<div class=\"wp-block-columns alignwide is-layout-flex wp-container-core-columns-is-layout-28f84493 wp-block-columns-is-layout-flex\">\n<div class=\"wp-block-column is-layout-flow wp-block-column-is-layout-flow\" style=\"flex-basis:66.66%\"><\/div>\n\n\n\n<div class=\"wp-block-column is-layout-flow wp-block-column-is-layout-flow\" style=\"flex-basis:33.33%\"><h2 class=\"wp-block-post-title\"><a href=\"https:\/\/ariflawoffices.com\/fr\/le-visa-investisseur-e-2-pour-les-francais\/\" target=\"_self\" >Le visa investisseur E-2 pour les Fran\u00e7ais<\/a><\/h2>\n\n<div class=\"wp-block-post-excerpt\"><p class=\"wp-block-post-excerpt__excerpt\">Le visa E-2 est aujourd\u2019hui la voie privil\u00e9gi\u00e9e pour les Fran\u00e7ais souhaitant s\u2019implanter aux \u00c9tats-Unis. Il repose sur un principe simple : investir dans une entreprise am\u00e9ricaine r\u00e9elle et active. Contrairement \u00e0 certaines id\u00e9es re\u00e7ues, il n\u2019existe pas de montant minimum officiel. En pratique, l\u2019investissement doit \u00eatre \u201csubstantiel\u201d, c\u2019est-\u00e0-dire suffisant pour faire fonctionner l\u2019entreprise. Dans\u2026 <\/p><\/div><\/div>\n<\/div>\n\n<\/li><li class=\"wp-block-post post-5607 post type-post status-publish format-standard hentry category-green-cards\">\n\n<div class=\"wp-block-columns alignwide is-layout-flex wp-container-core-columns-is-layout-28f84493 wp-block-columns-is-layout-flex\">\n<div class=\"wp-block-column is-layout-flow wp-block-column-is-layout-flow\" style=\"flex-basis:66.66%\"><\/div>\n\n\n\n<div class=\"wp-block-column is-layout-flow wp-block-column-is-layout-flow\" style=\"flex-basis:33.33%\"><h2 class=\"wp-block-post-title\"><a href=\"https:\/\/ariflawoffices.com\/fr\/epouser-un-americain-obtenir-une-carte-verte\/\" target=\"_self\" >\u00c9pouser un Am\u00e9ricain : obtenir une carte verte<\/a><\/h2>\n\n<div class=\"wp-block-post-excerpt\"><p class=\"wp-block-post-excerpt__excerpt\">De nombreux Fran\u00e7ais envisagent le mariage avec un citoyen am\u00e9ricain comme voie d\u2019acc\u00e8s \u00e0 la carte verte. Sur le papier, cela semble simple. En pratique, c\u2019est l\u2019un des processus les plus contr\u00f4l\u00e9s par les autorit\u00e9s am\u00e9ricaines. Le principe est clair : le mariage doit \u00eatre r\u00e9el, sinc\u00e8re et non contract\u00e9 dans un but migratoire. L\u2019administration\u2026 <\/p><\/div><\/div>\n<\/div>\n\n<\/li><li class=\"wp-block-post post-5599 post type-post status-publish format-standard hentry category-green-cards\">\n\n<div class=\"wp-block-columns alignwide is-layout-flex wp-container-core-columns-is-layout-28f84493 wp-block-columns-is-layout-flex\">\n<div class=\"wp-block-column is-layout-flow wp-block-column-is-layout-flow\" style=\"flex-basis:66.66%\"><\/div>\n\n\n\n<div class=\"wp-block-column is-layout-flow wp-block-column-is-layout-flow\" style=\"flex-basis:33.33%\"><h2 class=\"wp-block-post-title\"><a href=\"https:\/\/ariflawoffices.com\/fr\/les-10-principales-raisons-pour-lesquelles-les-cartes-vertes-par-mariage-sont-refusees-aux-etats-unis\/\" target=\"_self\" >Les 10 principales raisons pour lesquelles les cartes vertes par mariage sont refus\u00e9es aux \u00c9tats-Unis<\/a><\/h2>\n\n<div class=\"wp-block-post-excerpt\"><p class=\"wp-block-post-excerpt__excerpt\">L\u2019obtention d\u2019une&nbsp;carte verte par mariage (Marriage-Based Green Card)&nbsp;est l\u2019un des moyens les plus courants pour un ressortissant \u00e9tranger d\u2019obtenir la r\u00e9sidence permanente aux \u00c9tats-Unis. Chaque ann\u00e9e, des milliers de couples d\u00e9posent des demandes aupr\u00e8s des services d\u2019immigration am\u00e9ricains (USCIS) afin de r\u00e9gulariser la situation du conjoint \u00e9tranger. Cependant, m\u00eame si de nombreuses demandes sont approuv\u00e9es,\u2026 <\/p><\/div><\/div>\n<\/div>\n\n<\/li><\/ul><\/div>\n\n\n\n<div class=\"wp-block-group alignfull is-layout-constrained wp-container-core-group-is-layout-d89aad35 wp-block-group-is-layout-constrained\" style=\"margin-top:0;margin-bottom:0;padding-top:var(--wp--preset--spacing--50);padding-right:var(--wp--preset--spacing--50);padding-bottom:var(--wp--preset--spacing--50);padding-left:var(--wp--preset--spacing--50)\">\n<h2 class=\"wp-block-heading alignwide has-x-large-font-size\" style=\"margin-top:0;margin-bottom:var(--wp--preset--spacing--40);line-height:1\">Tous les articles <\/h2>\n\n\n\n<div class=\"wp-block-group alignwide is-layout-constrained wp-block-group-is-layout-constrained\">\n<div class=\"wp-block-query alignwide is-layout-flow wp-block-query-is-layout-flow\"><ul class=\"wp-block-post-template is-layout-flow wp-block-post-template-is-layout-flow\"><li class=\"wp-block-post post-5622 post type-post status-publish format-standard hentry category-green-cards\">\n\n<hr class=\"wp-block-separator has-text-color has-contrast-3-color has-alpha-channel-opacity has-contrast-3-background-color has-background alignwide is-style-wide\"\/>\n\n\n\n<div class=\"wp-block-columns alignwide are-vertically-aligned-center is-layout-flex wp-container-core-columns-is-layout-33233fb6 wp-block-columns-is-layout-flex\" style=\"margin-top:var(--wp--preset--spacing--20);margin-bottom:var(--wp--preset--spacing--20)\">\n<div class=\"wp-block-column is-vertically-aligned-center is-layout-flow wp-block-column-is-layout-flow\" style=\"flex-basis:72%\"><h2 style=\"font-size:1.5rem;line-height:1.1;\" class=\"wp-block-post-title\"><a href=\"https:\/\/ariflawoffices.com\/fr\/quest-ce-que-la-carte-verte-niw-national-interest-waiver\/\" target=\"_self\" >Qu\u2019est-ce que la carte verte NIW (National Interest Waiver) ?<\/a><\/h2><\/div>\n\n\n\n<div class=\"wp-block-column is-vertically-aligned-center is-layout-flow wp-block-column-is-layout-flow\" style=\"flex-basis:28%\"><\/div>\n<\/div>\n\n<\/li><li class=\"wp-block-post post-5618 post type-post status-publish format-standard hentry category-green-cards\">\n\n<hr class=\"wp-block-separator has-text-color has-contrast-3-color has-alpha-channel-opacity has-contrast-3-background-color has-background alignwide is-style-wide\"\/>\n\n\n\n<div class=\"wp-block-columns alignwide are-vertically-aligned-center is-layout-flex wp-container-core-columns-is-layout-33233fb6 wp-block-columns-is-layout-flex\" style=\"margin-top:var(--wp--preset--spacing--20);margin-bottom:var(--wp--preset--spacing--20)\">\n<div class=\"wp-block-column is-vertically-aligned-center is-layout-flow wp-block-column-is-layout-flow\" style=\"flex-basis:72%\"><h2 style=\"font-size:1.5rem;line-height:1.1;\" class=\"wp-block-post-title\"><a href=\"https:\/\/ariflawoffices.com\/fr\/le-visa-talent-aux-etats-unis-o-1-eb-1\/\" target=\"_self\" >Le \u201cvisa talent\u201d aux \u00c9tats-Unis (O-1 \/ EB-1)<\/a><\/h2><\/div>\n\n\n\n<div class=\"wp-block-column is-vertically-aligned-center is-layout-flow wp-block-column-is-layout-flow\" style=\"flex-basis:28%\"><\/div>\n<\/div>\n\n<\/li><li class=\"wp-block-post post-5614 post type-post status-publish format-standard hentry category-green-cards\">\n\n<hr class=\"wp-block-separator has-text-color has-contrast-3-color has-alpha-channel-opacity has-contrast-3-background-color has-background alignwide is-style-wide\"\/>\n\n\n\n<div class=\"wp-block-columns alignwide are-vertically-aligned-center is-layout-flex wp-container-core-columns-is-layout-33233fb6 wp-block-columns-is-layout-flex\" style=\"margin-top:var(--wp--preset--spacing--20);margin-bottom:var(--wp--preset--spacing--20)\">\n<div class=\"wp-block-column is-vertically-aligned-center is-layout-flow wp-block-column-is-layout-flow\" style=\"flex-basis:72%\"><h2 style=\"font-size:1.5rem;line-height:1.1;\" class=\"wp-block-post-title\"><a href=\"https:\/\/ariflawoffices.com\/fr\/le-visa-investisseur-e-2-pour-les-francais\/\" target=\"_self\" >Le visa investisseur E-2 pour les Fran\u00e7ais<\/a><\/h2><\/div>\n\n\n\n<div class=\"wp-block-column is-vertically-aligned-center is-layout-flow wp-block-column-is-layout-flow\" style=\"flex-basis:28%\"><\/div>\n<\/div>\n\n<\/li><li class=\"wp-block-post post-5607 post type-post status-publish format-standard hentry category-green-cards\">\n\n<hr class=\"wp-block-separator has-text-color has-contrast-3-color has-alpha-channel-opacity has-contrast-3-background-color has-background alignwide is-style-wide\"\/>\n\n\n\n<div class=\"wp-block-columns alignwide are-vertically-aligned-center is-layout-flex wp-container-core-columns-is-layout-33233fb6 wp-block-columns-is-layout-flex\" style=\"margin-top:var(--wp--preset--spacing--20);margin-bottom:var(--wp--preset--spacing--20)\">\n<div class=\"wp-block-column is-vertically-aligned-center is-layout-flow wp-block-column-is-layout-flow\" style=\"flex-basis:72%\"><h2 style=\"font-size:1.5rem;line-height:1.1;\" class=\"wp-block-post-title\"><a href=\"https:\/\/ariflawoffices.com\/fr\/epouser-un-americain-obtenir-une-carte-verte\/\" target=\"_self\" >\u00c9pouser un Am\u00e9ricain : obtenir une carte verte<\/a><\/h2><\/div>\n\n\n\n<div class=\"wp-block-column is-vertically-aligned-center is-layout-flow wp-block-column-is-layout-flow\" style=\"flex-basis:28%\"><\/div>\n<\/div>\n\n<\/li><li class=\"wp-block-post post-5599 post type-post status-publish format-standard hentry category-green-cards\">\n\n<hr class=\"wp-block-separator has-text-color has-contrast-3-color has-alpha-channel-opacity has-contrast-3-background-color has-background alignwide is-style-wide\"\/>\n\n\n\n<div class=\"wp-block-columns alignwide are-vertically-aligned-center is-layout-flex wp-container-core-columns-is-layout-33233fb6 wp-block-columns-is-layout-flex\" style=\"margin-top:var(--wp--preset--spacing--20);margin-bottom:var(--wp--preset--spacing--20)\">\n<div class=\"wp-block-column is-vertically-aligned-center is-layout-flow wp-block-column-is-layout-flow\" style=\"flex-basis:72%\"><h2 style=\"font-size:1.5rem;line-height:1.1;\" class=\"wp-block-post-title\"><a href=\"https:\/\/ariflawoffices.com\/fr\/les-10-principales-raisons-pour-lesquelles-les-cartes-vertes-par-mariage-sont-refusees-aux-etats-unis\/\" target=\"_self\" >Les 10 principales raisons pour lesquelles les cartes vertes par mariage sont refus\u00e9es aux \u00c9tats-Unis<\/a><\/h2><\/div>\n\n\n\n<div class=\"wp-block-column is-vertically-aligned-center is-layout-flow wp-block-column-is-layout-flow\" style=\"flex-basis:28%\"><\/div>\n<\/div>\n\n<\/li><\/ul>\n\n\n<div style=\"height:var(--wp--preset--spacing--30)\" aria-hidden=\"true\" class=\"wp-block-spacer\"><\/div>\n\n\n<nav class=\"wp-block-query-pagination is-content-justification-space-between is-layout-flex wp-container-core-query-pagination-is-layout-b2891da8 wp-block-query-pagination-is-layout-flex\" aria-label=\"Pagination\">\n\n\n<div class=\"wp-block-query-pagination-numbers\"><span aria-current=\"page\" class=\"page-numbers current\">1<\/span>\n<a class=\"page-numbers\" href=\"?query-37-page=2\">2<\/a>\n<a class=\"page-numbers\" href=\"?query-37-page=3\">3<\/a>\n<span class=\"page-numbers dots\">\u2026<\/span>\n<a class=\"page-numbers\" href=\"?query-37-page=21\">21<\/a><\/div>\n\n<a href=\"\/fr\/wp-json\/wp\/v2\/pages\/1008?query-37-page=2\" class=\"wp-block-query-pagination-next\">Page suivante<span class='wp-block-query-pagination-next-arrow is-arrow-arrow' aria-hidden='true'>\u2192<\/span><\/a>\n<\/nav><\/div>\n\n\n\n<p><\/p>\n<\/div>\n<\/div>","protected":false},"excerpt":{"rendered":"<p>Find the latest News for Immigration in the United States and France Our Law Firm is dedicated to inform you in real time what is the current immigration debates in both the U.S. and France. All Posts<\/p>","protected":false},"author":2,"featured_media":0,"parent":0,"menu_order":0,"comment_status":"closed","ping_status":"closed","template":"","meta":{"_seopress_robots_primary_cat":"","_seopress_titles_title":"","_seopress_titles_desc":"","_seopress_robots_index":"","footnotes":""},"class_list":["post-1008","page","type-page","status-publish","hentry"],"rttpg_featured_image_url":null,"rttpg_author":{"display_name":"Asif ARIF","author_link":"https:\/\/ariflawoffices.com\/fr\/author\/asif-arif\/"},"rttpg_comment":0,"rttpg_category":null,"rttpg_excerpt":"Find the latest News for Immigration in the United States and France Our Law Firm is dedicated to inform you in real time what is the current immigration debates in both the U.S. and France. All Posts","_links":{"self":[{"href":"https:\/\/ariflawoffices.com\/fr\/wp-json\/wp\/v2\/pages\/1008","targetHints":{"allow":["GET"]}}],"collection":[{"href":"https:\/\/ariflawoffices.com\/fr\/wp-json\/wp\/v2\/pages"}],"about":[{"href":"https:\/\/ariflawoffices.com\/fr\/wp-json\/wp\/v2\/types\/page"}],"author":[{"embeddable":true,"href":"https:\/\/ariflawoffices.com\/fr\/wp-json\/wp\/v2\/users\/2"}],"replies":[{"embeddable":true,"href":"https:\/\/ariflawoffices.com\/fr\/wp-json\/wp\/v2\/comments?post=1008"}],"version-history":[{"count":15,"href":"https:\/\/ariflawoffices.com\/fr\/wp-json\/wp\/v2\/pages\/1008\/revisions"}],"predecessor-version":[{"id":1490,"href":"https:\/\/ariflawoffices.com\/fr\/wp-json\/wp\/v2\/pages\/1008\/revisions\/1490"}],"wp:attachment":[{"href":"https:\/\/ariflawoffices.com\/fr\/wp-json\/wp\/v2\/media?parent=1008"}],"curies":[{"name":"wp","href":"https:\/\/api.w.org\/{rel}","templated":true}]}}