{"id":998,"date":"2024-06-02T13:17:27","date_gmt":"2024-06-02T20:17:27","guid":{"rendered":"https:\/\/ariflawoffices.com\/?page_id=998"},"modified":"2025-06-11T09:29:25","modified_gmt":"2025-06-11T16:29:25","slug":"old-citizenship-service-for-french-expats-and-their-family","status":"publish","type":"page","link":"https:\/\/ariflawoffices.com\/fr\/old-french-immigration\/old-citizenship-service-for-french-expats-and-their-family\/","title":{"rendered":"OLD Citizenship Service for French Expats and their Family"},"content":{"rendered":"<p>Arif Law Offices, P.C. est sp\u00e9cialis\u00e9 dans la fourniture de services complets de naturalisation pour les expatri\u00e9s souhaitant obtenir la citoyennet\u00e9 de leur pays d\u2019accueil. Forts de plus de dix ans d\u2019exp\u00e9rience, notre \u00e9quipe d\u00e9vou\u00e9e offre un accompagnement juridique personnalis\u00e9 pour aider les expatri\u00e9s \u00e0 naviguer efficacement et rapidement dans le processus de naturalisation.<\/p>\n\n\n\n<h3 class=\"wp-block-heading\">Nos services de naturalisation<\/h3>\n\n\n\n<h4 class=\"wp-block-heading\">Demandes de naturalisation<\/h4>\n\n\n\n<p>Nous aidons les expatri\u00e9s \u00e0 pr\u00e9parer et d\u00e9poser leurs demandes de naturalisation, en veillant au respect de toutes les exigences et \u00e0 la compl\u00e9tude des documents.<\/p>\n\n\n\n<h4 class=\"wp-block-heading\">Double citoyennet\u00e9<\/h4>\n\n\n\n<p>Pour les expatri\u00e9s souhaitant conserver la citoyennet\u00e9 de leur pays d\u2019origine tout en acqu\u00e9rant celle de leur pays d\u2019accueil, nous offrons des conseils sur les r\u00e9glementations et proc\u00e9dures relatives \u00e0 la double citoyennet\u00e9.<\/p>\n\n\n\n<h4 class=\"wp-block-heading\">Citoyennet\u00e9 par filiation<\/h4>\n\n\n\n<p>Les expatri\u00e9s peuvent \u00eatre \u00e9ligibles \u00e0 la citoyennet\u00e9 en raison de leur ascendance ou filiation. Notre \u00e9quipe accompagne les clients dans l\u2019exploration de cette option et dans le suivi du processus de demande.<\/p>\n\n\n\n<h4 class=\"wp-block-heading\">Citoyennet\u00e9 par inscription au consulat<\/h4>\n\n\n\n<p>Les expatri\u00e9s peuvent \u00eatre \u00e9ligibles \u00e0 la citoyennet\u00e9 gr\u00e2ce \u00e0 l\u2019inscription de leur conjoint(e) sur le registre des Fran\u00e7ais \u00e9tablis hors de France tenu par le consulat fran\u00e7ais.<\/p>\n\n\n\n<h4 class=\"wp-block-heading\">Contestation d\u2019un refus de naturalisation<\/h4>\n\n\n\n<p>Les expatri\u00e9s peuvent se voir refuser la citoyennet\u00e9 ou la d\u00e9livrance d\u2019un Certificat de Nationalit\u00e9 Fran\u00e7aise par l\u2019administration fran\u00e7aise. Notre \u00e9quipe conteste r\u00e9guli\u00e8rement ces refus aupr\u00e8s des autorit\u00e9s comp\u00e9tentes.<\/p>\n\n\n\n<h3 class=\"wp-block-heading\">Why Choose Arif Law Offices, P.C.?<\/h3>\n\n\n\n<ul class=\"wp-block-list\">\n<li><strong>Expertise:<\/strong>\u00a0Over 10 years of experience in citizenship and immigration law.<\/li>\n\n\n\n<li><strong>Personalized Service:<\/strong>\u00a0Tailored legal solutions to meet the unique needs of expatriates.<\/li>\n\n\n\n<li><strong>Proven Success:<\/strong>\u00a0A track record of successful citizenship applications for expats.<\/li>\n<\/ul>\n\n\n\n<h3 class=\"wp-block-heading\">Notre m\u00e9thode de travail<\/h3>\n\n\n\n<ol class=\"wp-block-list\">\n<li><strong>Consultation:<\/strong>\u00a0We begin with a detailed consultation to understand your citizenship goals and eligibility.<\/li>\n\n\n\n<li><strong>\u00c9laboration de la strat\u00e9gie :<\/strong>\u00a0Our team develops a customized legal strategy to streamline the citizenship process.<\/li>\n\n\n\n<li><strong>Documentation et d\u00e9p\u00f4t du dossier :<\/strong>\u00a0We assist in preparing and submitting all required documents for citizenship applications.<\/li>\n\n\n\n<li><strong>Accompagnement continu :<\/strong>\u00a0We provide continuous support throughout the citizenship process, ensuring compliance and addressing any issues that may arise.<\/li>\n<\/ol>\n\n\n\n<h3 class=\"wp-block-heading\">Contactez-nous<\/h3>\n\n\n\n<p>Ready to become a citizen of your adopted country? Contact Arif Law Offices, P.C. today to schedule a consultation and take the first step towards citizenship.<\/p>\n\n\n<div class=\"wpforms-container wpforms-container-full wpforms-block wpforms-block-30644c4d-d3fb-4086-a802-d56e75b76cbd wpforms-render-modern\" id=\"wpforms-940\"><form id=\"wpforms-form-940\" class=\"wpforms-validate wpforms-form wpforms-ajax-form\" data-formid=\"940\" method=\"post\" enctype=\"multipart\/form-data\" action=\"\/fr\/wp-json\/wp\/v2\/pages\/998\" data-token=\"0c878caac4b21f97c1c9ffa4a4bdded4\" data-token-time=\"1776386622\" data-trp-original-action=\"\/fr\/wp-json\/wp\/v2\/pages\/998\"><noscript class=\"wpforms-error-noscript\">Veuillez activer JavaScript dans votre navigateur pour remplir ce formulaire.<\/noscript><div id=\"wpforms-error-noscript\" style=\"display: none;\">Veuillez activer JavaScript dans votre navigateur pour remplir ce formulaire.<\/div><div class=\"wpforms-field-container\"><div id=\"wpforms-940-field_0-container\" class=\"wpforms-field wpforms-field-name\" data-field-id=\"0\"><fieldset><legend class=\"wpforms-field-label\">Pr\u00e9nom et nom <span class=\"wpforms-required-label\" aria-hidden=\"true\">*<\/span><\/legend><div class=\"wpforms-field-row wpforms-field-large\"><div class=\"wpforms-field-row-block wpforms-first wpforms-one-half\"><input type=\"text\" id=\"wpforms-940-field_0\" class=\"wpforms-field-name-first wpforms-field-required\" name=\"wpforms[fields][0][first]\" aria-errormessage=\"wpforms-940-field_0-error\" required><label for=\"wpforms-940-field_0\" class=\"wpforms-field-sublabel after\">Pr\u00e9nom<\/label><\/div><div class=\"wpforms-field-row-block wpforms-one-half\"><input type=\"text\" id=\"wpforms-940-field_0-last\" class=\"wpforms-field-name-last wpforms-field-required\" name=\"wpforms[fields][0][last]\" aria-errormessage=\"wpforms-940-field_0-last-error\" required><label for=\"wpforms-940-field_0-last\" class=\"wpforms-field-sublabel after\">Nom<\/label><\/div><\/div><\/fieldset><\/div><div id=\"wpforms-940-field_3-container\" class=\"wpforms-field wpforms-field-checkbox\" data-field-id=\"3\"><fieldset><legend class=\"wpforms-field-label\">Choisissez le domaine d\u2019immigration<\/legend><ul id=\"wpforms-940-field_3\"><li class=\"choice-1 depth-1\"><input type=\"checkbox\" id=\"wpforms-940-field_3_1\" name=\"wpforms[fields][3][]\" value=\"U.S. Immigration\" aria-errormessage=\"wpforms-940-field_3_1-error\"  ><label class=\"wpforms-field-label-inline\" for=\"wpforms-940-field_3_1\">Immigration aux \u00c9tats\u2011Unis<\/label><\/li><li class=\"choice-2 depth-1\"><input type=\"checkbox\" id=\"wpforms-940-field_3_2\" name=\"wpforms[fields][3][]\" value=\"French Immigration\" aria-errormessage=\"wpforms-940-field_3_2-error\"  ><label class=\"wpforms-field-label-inline\" for=\"wpforms-940-field_3_2\">Immigration en FR<\/label><\/li><\/ul><\/fieldset><\/div><div id=\"wpforms-940-field_1-container\" class=\"wpforms-field wpforms-field-email\" data-field-id=\"1\"><label class=\"wpforms-field-label\" for=\"wpforms-940-field_1\">E-mail <span class=\"wpforms-required-label\" aria-hidden=\"true\">*<\/span><\/label><input type=\"email\" id=\"wpforms-940-field_1\" class=\"wpforms-field-large wpforms-field-required\" name=\"wpforms[fields][1]\" spellcheck=\"false\" aria-errormessage=\"wpforms-940-field_1-error\" required><\/div><div id=\"wpforms-940-field_2-container\" class=\"wpforms-field wpforms-field-textarea\" data-field-id=\"2\"><label class=\"wpforms-field-label\" for=\"wpforms-940-field_2\">Veuillez d\u00e9crire votre situation et indiquer votre num\u00e9ro de t\u00e9l\u00e9phone de contact.<\/label><textarea id=\"wpforms-940-field_2\" class=\"wpforms-field-medium\" name=\"wpforms[fields][2]\" aria-errormessage=\"wpforms-940-field_2-error\" ><\/textarea><\/div><\/div><!-- .wpforms-field-container --><div class=\"wpforms-submit-container\" ><input type=\"hidden\" name=\"wpforms[id]\" value=\"940\"><input type=\"hidden\" name=\"page_title\" value=\"\"><input type=\"hidden\" name=\"page_url\" value=\"https:\/\/ariflawoffices.com\/fr\/wp-json\/wp\/v2\/pages\/998\"><input type=\"hidden\" name=\"url_referer\" value=\"\"><button type=\"submit\" name=\"wpforms[submit]\" id=\"wpforms-submit-940\" class=\"wpforms-submit\" data-alt-text=\"Envoi...\" data-submit-text=\"Submit\" aria-live=\"assertive\" value=\"wpforms-submit\">Envoyer<\/button><img decoding=\"async\" src=\"https:\/\/ariflawoffices.com\/wp-content\/plugins\/wpforms-lite\/assets\/images\/submit-spin.svg\" class=\"wpforms-submit-spinner\" style=\"display: none;\" width=\"26\" height=\"26\" alt=\"Chargement en cours\"><\/div><input type=\"hidden\" name=\"trp-form-language\" value=\"fr\"\/><\/form><\/div>  <!-- .wpforms-container -->","protected":false},"excerpt":{"rendered":"<p>Arif Law Offices, P.C. specializes in providing comprehensive citizenship services for expatriates seeking to become citizens of their adopted country. With over a decade of experience, our dedicated team offers personalized legal guidance to help expats navigate the citizenship process efficiently and effectively. Our Citizenship Services Naturalization Applications We assist expatriates in preparing and filing [&hellip;]<\/p>","protected":false},"author":2,"featured_media":0,"parent":881,"menu_order":0,"comment_status":"closed","ping_status":"closed","template":"","meta":{"_seopress_robots_primary_cat":"","_seopress_titles_title":"Citizenship Service for French Expats and their Family","_seopress_titles_desc":"Arif Law Offices, P.C. specializes in providing citizenship services for expatriates seeking to become citizens of their adopted country. With over a decade of experience, our team offers personalized legal guidance for naturalization applications, dual citizenship inquiries, and citizenship by descent processes. We ensure compliance with all requirements and streamline the citizenship process for our clients. With tailored legal solutions and a track record of success, we assist expatriates in achieving their citizenship goals efficiently and effectively. Contact Arif Law Offices, P.C. today to schedule a consultation and take the first step towards citizenship in your adopted country.","_seopress_robots_index":"","footnotes":""},"class_list":["post-998","page","type-page","status-publish","hentry"],"rttpg_featured_image_url":null,"rttpg_author":{"display_name":"Asif ARIF","author_link":"https:\/\/ariflawoffices.com\/fr\/author\/asif-arif\/"},"rttpg_comment":0,"rttpg_category":null,"rttpg_excerpt":"Arif Law Offices, P.C. specializes in providing comprehensive citizenship services for expatriates seeking to become citizens of their adopted country. With over a decade of experience, our dedicated team offers personalized legal guidance to help expats navigate the citizenship process efficiently and effectively. Our Citizenship Services Naturalization Applications We assist expatriates in preparing and filing\u2026","_links":{"self":[{"href":"https:\/\/ariflawoffices.com\/fr\/wp-json\/wp\/v2\/pages\/998","targetHints":{"allow":["GET"]}}],"collection":[{"href":"https:\/\/ariflawoffices.com\/fr\/wp-json\/wp\/v2\/pages"}],"about":[{"href":"https:\/\/ariflawoffices.com\/fr\/wp-json\/wp\/v2\/types\/page"}],"author":[{"embeddable":true,"href":"https:\/\/ariflawoffices.com\/fr\/wp-json\/wp\/v2\/users\/2"}],"replies":[{"embeddable":true,"href":"https:\/\/ariflawoffices.com\/fr\/wp-json\/wp\/v2\/comments?post=998"}],"version-history":[{"count":3,"href":"https:\/\/ariflawoffices.com\/fr\/wp-json\/wp\/v2\/pages\/998\/revisions"}],"predecessor-version":[{"id":2653,"href":"https:\/\/ariflawoffices.com\/fr\/wp-json\/wp\/v2\/pages\/998\/revisions\/2653"}],"up":[{"embeddable":true,"href":"https:\/\/ariflawoffices.com\/fr\/wp-json\/wp\/v2\/pages\/881"}],"wp:attachment":[{"href":"https:\/\/ariflawoffices.com\/fr\/wp-json\/wp\/v2\/media?parent=998"}],"curies":[{"name":"wp","href":"https:\/\/api.w.org\/{rel}","templated":true}]}}